{"id":1361,"date":"2025-06-13T13:26:08","date_gmt":"2025-06-13T12:26:08","guid":{"rendered":"https:\/\/www.nordicorganicexpo.com\/registrering\/"},"modified":"2025-08-06T09:27:43","modified_gmt":"2025-08-06T07:27:43","slug":"registrering","status":"publish","type":"page","link":"https:\/\/www.nordicorganicexpo.com\/sv\/registrering\/","title":{"rendered":"Registrering"},"content":{"rendered":"\t\t<div data-elementor-type=\"wp-page\" data-elementor-id=\"1361\" class=\"elementor elementor-1361 elementor-582\" data-elementor-post-type=\"page\">\n\t\t\t\t\t\t<section class=\"elementor-section elementor-top-section elementor-element elementor-element-87fd94f elementor-section-boxed elementor-section-height-default elementor-section-height-default\" data-id=\"87fd94f\" data-element_type=\"section\">\n\t\t\t\t\t\t<div class=\"elementor-container elementor-column-gap-default\">\n\t\t\t\t\t<div class=\"elementor-column elementor-col-100 elementor-top-column elementor-element elementor-element-dad3381\" data-id=\"dad3381\" data-element_type=\"column\">\n\t\t\t<div class=\"elementor-widget-wrap elementor-element-populated\">\n\t\t\t\t\t\t<div class=\"elementor-element elementor-element-f188995 elementor-widget elementor-widget-heading\" data-id=\"f188995\" data-element_type=\"widget\" data-widget_type=\"heading.default\">\n\t\t\t\t<div class=\"elementor-widget-container\">\n\t\t\t\t\t<h2 class=\"elementor-heading-title elementor-size-default\">Bes\u00f6k oss<\/h2>\t\t\t\t<\/div>\n\t\t\t\t<\/div>\n\t\t\t\t<div class=\"elementor-element elementor-element-d2cc63f elementor-widget elementor-widget-heading\" data-id=\"d2cc63f\" data-element_type=\"widget\" data-widget_type=\"heading.default\">\n\t\t\t\t<div class=\"elementor-widget-container\">\n\t\t\t\t\t<h1 class=\"elementor-heading-title elementor-size-default\">Vilken biljett passar dig?<\/h1>\t\t\t\t<\/div>\n\t\t\t\t<\/div>\n\t\t\t\t<div class=\"elementor-element elementor-element-0c47245 elementor-widget elementor-widget-text-editor\" data-id=\"0c47245\" data-element_type=\"widget\" data-widget_type=\"text-editor.default\">\n\t\t\t\t<div class=\"elementor-widget-container\">\n\t\t\t\t\t\t\t\t\tVad roligt att du vill bes\u00f6ka Nordic Organic Expo! H\u00e4r kan du v\u00e4lja att registrera dig till \u201cThe Organic Food Fair &amp; The Good Food Fair\u201d eller \u201cThe Natural Health &amp; Beauty Show\u201d.<br><br>M\u00e4ssbiljetten ger dig gratis entr\u00e9 till b\u00e5da m\u00e4ssorna!\t\t\t\t\t\t\t\t<\/div>\n\t\t\t\t<\/div>\n\t\t\t\t\t<\/div>\n\t\t<\/div>\n\t\t\t\t\t<\/div>\n\t\t<\/section>\n\t\t\t\t<section class=\"elementor-section elementor-top-section elementor-element elementor-element-aaff0a3 elementor-section-boxed elementor-section-height-default elementor-section-height-default\" data-id=\"aaff0a3\" data-element_type=\"section\">\n\t\t\t\t\t\t<div class=\"elementor-container elementor-column-gap-default\">\n\t\t\t\t\t<div class=\"elementor-column elementor-col-50 elementor-top-column elementor-element elementor-element-74f130c\" data-id=\"74f130c\" data-element_type=\"column\" data-settings=\"{&quot;background_background&quot;:&quot;classic&quot;}\">\n\t\t\t<div class=\"elementor-widget-wrap elementor-element-populated\">\n\t\t\t\t\t\t<div class=\"elementor-element elementor-element-ab36cee elementor-widget elementor-widget-heading\" data-id=\"ab36cee\" data-element_type=\"widget\" data-widget_type=\"heading.default\">\n\t\t\t\t<div class=\"elementor-widget-container\">\n\t\t\t\t\t<h2 class=\"elementor-heading-title elementor-size-default\">NATURAL BEAUTY <bR>&amp; HEALTH SHOW<\/h2>\t\t\t\t<\/div>\n\t\t\t\t<\/div>\n\t\t\t\t<div class=\"elementor-element elementor-element-1ff1358 elementor-align-center elementor-widget elementor-widget-dynamic-button\" data-id=\"1ff1358\" data-element_type=\"widget\" data-widget_type=\"dynamic-button.default\">\n\t\t\t\t<div class=\"elementor-widget-container\">\n\t\t\t\t\t        <div class=\"elementor-button-wrapper\">\n            <a href=\"https:\/\/register.visitcloud.com\/survey\/0t3iqpr2r83t8\" target=\"_blank\" class=\"elementor-button-link elementor-button elementor-size-sm elementor-animation-grow\" role=\"button\">\n                        <span class=\"elementor-button-content-wrapper\">\n\t\t\t\t\t\t<span class=\"elementor-button-text\">DIN ENTR\u00c9BILJETT<\/span>\n\t\t<\/span>\n                    <\/a>\n        <\/div>\n        \t\t\t\t<\/div>\n\t\t\t\t<\/div>\n\t\t\t\t\t<\/div>\n\t\t<\/div>\n\t\t\t\t<div class=\"elementor-column elementor-col-50 elementor-top-column elementor-element elementor-element-1c877b5\" data-id=\"1c877b5\" data-element_type=\"column\" data-settings=\"{&quot;background_background&quot;:&quot;classic&quot;}\">\n\t\t\t<div class=\"elementor-widget-wrap elementor-element-populated\">\n\t\t\t\t\t\t<div class=\"elementor-element elementor-element-83cc450 elementor-widget elementor-widget-heading\" data-id=\"83cc450\" data-element_type=\"widget\" data-widget_type=\"heading.default\">\n\t\t\t\t<div class=\"elementor-widget-container\">\n\t\t\t\t\t<h2 class=\"elementor-heading-title elementor-size-default\">NORDIC ORGANIC FOOD FAIR<br>&amp; THE GOOD FOOD FAIR<\/h2>\t\t\t\t<\/div>\n\t\t\t\t<\/div>\n\t\t\t\t<div class=\"elementor-element elementor-element-ab5f9c6 elementor-align-center elementor-widget elementor-widget-dynamic-button\" data-id=\"ab5f9c6\" data-element_type=\"widget\" data-widget_type=\"dynamic-button.default\">\n\t\t\t\t<div class=\"elementor-widget-container\">\n\t\t\t\t\t        <div class=\"elementor-button-wrapper\">\n            <a href=\"https:\/\/register.visitcloud.com\/survey\/1k6g45no2ia0r\" target=\"_blank\" class=\"elementor-button-link elementor-button elementor-size-sm elementor-animation-grow\" role=\"button\">\n                        <span class=\"elementor-button-content-wrapper\">\n\t\t\t\t\t\t<span class=\"elementor-button-text\">DIN ENTR\u00c9BILJETT<\/span>\n\t\t<\/span>\n                    <\/a>\n        <\/div>\n        \t\t\t\t<\/div>\n\t\t\t\t<\/div>\n\t\t\t\t\t<\/div>\n\t\t<\/div>\n\t\t\t\t\t<\/div>\n\t\t<\/section>\n\t\t\t\t<\/div>\n\t\t","protected":false},"excerpt":{"rendered":"<p>Bes\u00f6k oss Vilken biljett passar dig? Vad roligt att du vill bes\u00f6ka Nordic Organic Expo! H\u00e4r kan du v\u00e4lja att registrera dig till \u201cThe Organic Food Fair &amp; The Good Food Fair\u201d eller \u201cThe Natural Health &amp; Beauty Show\u201d. M\u00e4ssbiljetten ger dig gratis entr\u00e9 till b\u00e5da m\u00e4ssorna! NATURAL BEAUTY &amp; HEALTH SHOW DIN ENTR\u00c9BILJETT NORDIC [&hellip;]<\/p>\n","protected":false},"author":1294,"featured_media":0,"parent":0,"menu_order":0,"comment_status":"closed","ping_status":"closed","template":"elementor_header_footer","meta":{"_seopress_robots_primary_cat":"","_seopress_titles_title":"H\u00e4mta din biljett till Nordic Organic Expo","_seopress_titles_desc":"Registrera dig och s\u00e4kra din biljett till Nordens ledande m\u00e4ssa f\u00f6r h\u00e5llbara och naturliga produkter. Fri entr\u00e9 f\u00f6r branschfolk.","_seopress_robots_index":"","footnotes":""},"class_list":["post-1361","page","type-page","status-publish","hentry"],"_links":{"self":[{"href":"https:\/\/www.nordicorganicexpo.com\/sv\/wp-json\/wp\/v2\/pages\/1361","targetHints":{"allow":["GET"]}}],"collection":[{"href":"https:\/\/www.nordicorganicexpo.com\/sv\/wp-json\/wp\/v2\/pages"}],"about":[{"href":"https:\/\/www.nordicorganicexpo.com\/sv\/wp-json\/wp\/v2\/types\/page"}],"author":[{"embeddable":true,"href":"https:\/\/www.nordicorganicexpo.com\/sv\/wp-json\/wp\/v2\/users\/1294"}],"replies":[{"embeddable":true,"href":"https:\/\/www.nordicorganicexpo.com\/sv\/wp-json\/wp\/v2\/comments?post=1361"}],"version-history":[{"count":2,"href":"https:\/\/www.nordicorganicexpo.com\/sv\/wp-json\/wp\/v2\/pages\/1361\/revisions"}],"predecessor-version":[{"id":3575,"href":"https:\/\/www.nordicorganicexpo.com\/sv\/wp-json\/wp\/v2\/pages\/1361\/revisions\/3575"}],"wp:attachment":[{"href":"https:\/\/www.nordicorganicexpo.com\/sv\/wp-json\/wp\/v2\/media?parent=1361"}],"curies":[{"name":"wp","href":"https:\/\/api.w.org\/{rel}","templated":true}]}}