{"id":1428,"date":"2025-06-13T13:08:19","date_gmt":"2025-06-13T11:08:19","guid":{"rendered":"https:\/\/www.nordicorganicexpo.com\/food-fair\/"},"modified":"2026-03-03T12:45:41","modified_gmt":"2026-03-03T10:45:41","slug":"food-fair","status":"publish","type":"page","link":"https:\/\/www.nordicorganicexpo.com\/sv\/food-fair\/","title":{"rendered":"Food fair"},"content":{"rendered":"\t\t<div data-elementor-type=\"wp-page\" data-elementor-id=\"1428\" class=\"elementor elementor-1428 elementor-491\" data-elementor-post-type=\"page\">\n\t\t\t\t\t\t<section class=\"elementor-section elementor-top-section elementor-element elementor-element-3960ed55 elementor-reverse-mobile elementor-section-boxed elementor-section-height-default elementor-section-height-default\" data-id=\"3960ed55\" data-element_type=\"section\">\n\t\t\t\t\t\t<div class=\"elementor-container elementor-column-gap-default\">\n\t\t\t\t\t<div class=\"elementor-column elementor-col-50 elementor-top-column elementor-element elementor-element-536a36e\" data-id=\"536a36e\" data-element_type=\"column\">\n\t\t\t<div class=\"elementor-widget-wrap elementor-element-populated\">\n\t\t\t\t\t\t<div class=\"elementor-element elementor-element-2c050678 elementor-widget elementor-widget-image\" data-id=\"2c050678\" data-element_type=\"widget\" data-widget_type=\"image.default\">\n\t\t\t\t<div class=\"elementor-widget-container\">\n\t\t\t\t\t\t\t\t\t\t\t\t\t\t\t<img fetchpriority=\"high\" decoding=\"async\" width=\"565\" height=\"348\" src=\"https:\/\/easyfairsassets.com\/sites\/357\/2025\/06\/NOFF_TGFF_BLANK-1-1.png\" class=\"attachment-large size-large wp-image-1175\" alt=\"\" srcset=\"https:\/\/easyfairsassets.com\/sites\/357\/2025\/06\/NOFF_TGFF_BLANK-1-1.png 565w, https:\/\/easyfairsassets.com\/sites\/357\/2025\/06\/NOFF_TGFF_BLANK-1-1-300x185.png 300w\" sizes=\"(max-width: 565px) 100vw, 565px\" \/>\t\t\t\t\t\t\t\t\t\t\t\t\t\t\t<\/div>\n\t\t\t\t<\/div>\n\t\t\t\t<div class=\"elementor-element elementor-element-11cd69e1 elementor-widget elementor-widget-heading\" data-id=\"11cd69e1\" data-element_type=\"widget\" data-widget_type=\"heading.default\">\n\t\t\t\t<div class=\"elementor-widget-container\">\n\t\t\t\t\t<h1 class=\"elementor-heading-title elementor-size-default\">Allt inom <br>mat &amp; dryck<\/h1>\t\t\t\t<\/div>\n\t\t\t\t<\/div>\n\t\t\t\t<div class=\"elementor-element elementor-element-66843f39 elementor-widget elementor-widget-text-editor\" data-id=\"66843f39\" data-element_type=\"widget\" data-widget_type=\"text-editor.default\">\n\t\t\t\t<div class=\"elementor-widget-container\">\n\t\t\t\t\t\t\t\t\t<p>I \u00f6ver tio \u00e5r har Nordic Organic Food Fair varit Nordens ledande m\u00f6tesplats f\u00f6r certifierad ekologisk mat och dryck. Tillsammans med The Good Food Fair samlar vi akt\u00f6rer fr\u00e5n hela v\u00e4rlden f\u00f6r att visa upp det b\u00e4sta branschen har att erbjuda \u2013 fr\u00e5n innovativa produkter till h\u00e5llbara l\u00f6sningar.<\/p>\n\t\t\t\t\t\t\t\t<\/div>\n\t\t\t\t<\/div>\n\t\t\t\t<div class=\"elementor-element elementor-element-7be4d1d1 elementor-align-left elementor-tablet-align-left elementor-mobile-align-left elementor-widget elementor-widget-dynamic-button\" data-id=\"7be4d1d1\" data-element_type=\"widget\" data-widget_type=\"dynamic-button.default\">\n\t\t\t\t<div class=\"elementor-widget-container\">\n\t\t\t\t\t        <div class=\"elementor-button-wrapper\">\n            <a href=\"https:\/\/www.nordicorganicexpo.com\/sv\/varfor-besoka\/\" class=\"elementor-button-link elementor-button elementor-size-sm elementor-animation-grow\" role=\"button\">\n                        <span class=\"elementor-button-content-wrapper\">\n\t\t\t\t\t\t<span class=\"elementor-button-text\">Uppt\u00e4ck<\/span>\n\t\t<\/span>\n                    <\/a>\n        <\/div>\n        \t\t\t\t<\/div>\n\t\t\t\t<\/div>\n\t\t\t\t\t<\/div>\n\t\t<\/div>\n\t\t\t\t<div class=\"elementor-column elementor-col-50 elementor-top-column elementor-element elementor-element-3318f0dd\" data-id=\"3318f0dd\" data-element_type=\"column\">\n\t\t\t<div class=\"elementor-widget-wrap elementor-element-populated\">\n\t\t\t\t\t\t<div class=\"elementor-element elementor-element-19f758b elementor-widget elementor-widget-image\" data-id=\"19f758b\" data-element_type=\"widget\" data-widget_type=\"image.default\">\n\t\t\t\t<div class=\"elementor-widget-container\">\n\t\t\t\t\t\t\t\t\t\t\t\t\t\t\t<img decoding=\"async\" width=\"800\" height=\"626\" src=\"https:\/\/easyfairsassets.com\/sites\/357\/2026\/03\/Untitled-design-4-1-3-1024x801.png\" class=\"attachment-large size-large wp-image-23026\" alt=\"Organic Food Products\" srcset=\"https:\/\/easyfairsassets.com\/sites\/357\/2026\/03\/Untitled-design-4-1-3-1024x801.png 1024w, https:\/\/easyfairsassets.com\/sites\/357\/2026\/03\/Untitled-design-4-1-3-300x235.png 300w, https:\/\/easyfairsassets.com\/sites\/357\/2026\/03\/Untitled-design-4-1-3-768x601.png 768w, https:\/\/easyfairsassets.com\/sites\/357\/2026\/03\/Untitled-design-4-1-3.png 1200w\" sizes=\"(max-width: 800px) 100vw, 800px\" \/>\t\t\t\t\t\t\t\t\t\t\t\t\t\t\t<\/div>\n\t\t\t\t<\/div>\n\t\t\t\t\t<\/div>\n\t\t<\/div>\n\t\t\t\t\t<\/div>\n\t\t<\/section>\n\t\t\t\t<section class=\"elementor-section elementor-top-section elementor-element elementor-element-7df91293 elementor-reverse-mobile elementor-section-boxed elementor-section-height-default elementor-section-height-default\" data-id=\"7df91293\" data-element_type=\"section\" data-settings=\"{&quot;background_background&quot;:&quot;classic&quot;}\">\n\t\t\t\t\t\t<div class=\"elementor-container elementor-column-gap-default\">\n\t\t\t\t\t<div class=\"elementor-column elementor-col-33 elementor-top-column elementor-element elementor-element-58917816\" data-id=\"58917816\" data-element_type=\"column\" data-settings=\"{&quot;background_background&quot;:&quot;classic&quot;}\">\n\t\t\t<div class=\"elementor-widget-wrap elementor-element-populated\">\n\t\t\t\t\t\t<div class=\"elementor-element elementor-element-79f9f868 elementor-widget elementor-widget-heading\" data-id=\"79f9f868\" data-element_type=\"widget\" data-widget_type=\"heading.default\">\n\t\t\t\t<div class=\"elementor-widget-container\">\n\t\t\t\t\t<h3 class=\"elementor-heading-title elementor-size-default\">Utforska<\/h3>\t\t\t\t<\/div>\n\t\t\t\t<\/div>\n\t\t\t\t<div class=\"elementor-element elementor-element-2861f8f2 elementor-widget elementor-widget-heading\" data-id=\"2861f8f2\" data-element_type=\"widget\" data-widget_type=\"heading.default\">\n\t\t\t\t<div class=\"elementor-widget-container\">\n\t\t\t\t\t<h2 class=\"elementor-heading-title elementor-size-default\">Nyheter<\/h2>\t\t\t\t<\/div>\n\t\t\t\t<\/div>\n\t\t\t\t<div class=\"elementor-element elementor-element-5e14a3e elementor-widget elementor-widget-text-editor\" data-id=\"5e14a3e\" data-element_type=\"widget\" data-widget_type=\"text-editor.default\">\n\t\t\t\t<div class=\"elementor-widget-container\">\n\t\t\t\t\t\t\t\t\t<p>Uppt\u00e4ck det senaste inom den h\u00e5llbara marknaden p\u00e5 Nordic Organic Expo. Med oss ligger du alltid ett steg f\u00f6re. Smaka, se och upplev nya utvecklingar inom mat och dryck \u2013 noga utvalda f\u00f6r att m\u00f6ta ditt f\u00f6retags behov.<\/p>\n\t\t\t\t\t\t\t\t<\/div>\n\t\t\t\t<\/div>\n\t\t\t\t\t<\/div>\n\t\t<\/div>\n\t\t\t\t<div class=\"elementor-column elementor-col-33 elementor-top-column elementor-element elementor-element-1e15b261\" data-id=\"1e15b261\" data-element_type=\"column\" data-settings=\"{&quot;background_background&quot;:&quot;classic&quot;}\">\n\t\t\t<div class=\"elementor-widget-wrap elementor-element-populated\">\n\t\t\t\t\t\t<div class=\"elementor-element elementor-element-7cd0e10d elementor-widget elementor-widget-heading\" data-id=\"7cd0e10d\" data-element_type=\"widget\" data-widget_type=\"heading.default\">\n\t\t\t\t<div class=\"elementor-widget-container\">\n\t\t\t\t\t<h3 class=\"elementor-heading-title elementor-size-default\">Uppt\u00e4ck<\/h3>\t\t\t\t<\/div>\n\t\t\t\t<\/div>\n\t\t\t\t<div class=\"elementor-element elementor-element-5c4ac791 elementor-widget elementor-widget-heading\" data-id=\"5c4ac791\" data-element_type=\"widget\" data-widget_type=\"heading.default\">\n\t\t\t\t<div class=\"elementor-widget-container\">\n\t\t\t\t\t<h2 class=\"elementor-heading-title elementor-size-default\">Produkter<\/h2>\t\t\t\t<\/div>\n\t\t\t\t<\/div>\n\t\t\t\t<div class=\"elementor-element elementor-element-5f77d620 elementor-widget elementor-widget-text-editor\" data-id=\"5f77d620\" data-element_type=\"widget\" data-widget_type=\"text-editor.default\">\n\t\t\t\t<div class=\"elementor-widget-container\">\n\t\t\t\t\t\t\t\t\t<p>Utforska ett brett utbud av ekologiska produkter \u2013 fr\u00e5n barnmat och v\u00e4xtbaserade alternativ till lokalt producerade varor, snacks och mat fr\u00e5n v\u00e4rldens alla h\u00f6rn. Allt med fokus p\u00e5 kvalitet, h\u00e5llbarhet och smak.<\/p>\n\t\t\t\t\t\t\t\t<\/div>\n\t\t\t\t<\/div>\n\t\t\t\t\t<\/div>\n\t\t<\/div>\n\t\t\t\t<div class=\"elementor-column elementor-col-33 elementor-top-column elementor-element elementor-element-20a88941\" data-id=\"20a88941\" data-element_type=\"column\" data-settings=\"{&quot;background_background&quot;:&quot;classic&quot;}\">\n\t\t\t<div class=\"elementor-widget-wrap elementor-element-populated\">\n\t\t\t\t\t\t<div class=\"elementor-element elementor-element-47e6edd3 elementor-widget elementor-widget-heading\" data-id=\"47e6edd3\" data-element_type=\"widget\" data-widget_type=\"heading.default\">\n\t\t\t\t<div class=\"elementor-widget-container\">\n\t\t\t\t\t<h3 class=\"elementor-heading-title elementor-size-default\">Tr\u00e4ffa<\/h3>\t\t\t\t<\/div>\n\t\t\t\t<\/div>\n\t\t\t\t<div class=\"elementor-element elementor-element-2d422e7a elementor-widget elementor-widget-heading\" data-id=\"2d422e7a\" data-element_type=\"widget\" data-widget_type=\"heading.default\">\n\t\t\t\t<div class=\"elementor-widget-container\">\n\t\t\t\t\t<h2 class=\"elementor-heading-title elementor-size-default\">Leverant\u00f6rer<\/h2>\t\t\t\t<\/div>\n\t\t\t\t<\/div>\n\t\t\t\t<div class=\"elementor-element elementor-element-6d2c0aa elementor-widget elementor-widget-text-editor\" data-id=\"6d2c0aa\" data-element_type=\"widget\" data-widget_type=\"text-editor.default\">\n\t\t\t\t<div class=\"elementor-widget-container\">\n\t\t\t\t\t\t\t\t\tM\u00f6t b\u00e5de internationella och nordiska leverant\u00f6rer p\u00e5 Nordic Organic Expo. Under tv\u00e5 dagar kan du n\u00e4tverka, smaka och uppt\u00e4cka nya produktlanseringar \u2013 och ta ditt f\u00f6retag till n\u00e4sta h\u00e5llbara niv\u00e5.\t\t\t\t\t\t\t\t<\/div>\n\t\t\t\t<\/div>\n\t\t\t\t\t<\/div>\n\t\t<\/div>\n\t\t\t\t\t<\/div>\n\t\t<\/section>\n\t\t\t\t<section class=\"elementor-section elementor-top-section elementor-element elementor-element-7220ecfc elementor-section-boxed elementor-section-height-default elementor-section-height-default\" data-id=\"7220ecfc\" data-element_type=\"section\">\n\t\t\t\t\t\t<div class=\"elementor-container elementor-column-gap-default\">\n\t\t\t\t\t<div class=\"elementor-column elementor-col-50 elementor-top-column elementor-element elementor-element-6bc28eac\" data-id=\"6bc28eac\" data-element_type=\"column\">\n\t\t\t<div class=\"elementor-widget-wrap elementor-element-populated\">\n\t\t\t\t\t\t<div class=\"elementor-element elementor-element-46c775cb elementor-widget elementor-widget-image\" data-id=\"46c775cb\" data-element_type=\"widget\" data-widget_type=\"image.default\">\n\t\t\t\t<div class=\"elementor-widget-container\">\n\t\t\t\t\t\t\t\t\t\t\t\t\t\t\t<img decoding=\"async\" width=\"800\" height=\"626\" src=\"https:\/\/easyfairsassets.com\/sites\/357\/2026\/03\/Untitled-design-4-1-4-1024x801.png\" class=\"attachment-large size-large wp-image-23028\" alt=\"Nordic Organic Panel\" srcset=\"https:\/\/easyfairsassets.com\/sites\/357\/2026\/03\/Untitled-design-4-1-4-1024x801.png 1024w, https:\/\/easyfairsassets.com\/sites\/357\/2026\/03\/Untitled-design-4-1-4-300x235.png 300w, https:\/\/easyfairsassets.com\/sites\/357\/2026\/03\/Untitled-design-4-1-4-768x601.png 768w, https:\/\/easyfairsassets.com\/sites\/357\/2026\/03\/Untitled-design-4-1-4.png 1200w\" sizes=\"(max-width: 800px) 100vw, 800px\" \/>\t\t\t\t\t\t\t\t\t\t\t\t\t\t\t<\/div>\n\t\t\t\t<\/div>\n\t\t\t\t\t<\/div>\n\t\t<\/div>\n\t\t\t\t<div class=\"elementor-column elementor-col-50 elementor-top-column elementor-element elementor-element-667e7a8f\" data-id=\"667e7a8f\" data-element_type=\"column\">\n\t\t\t<div class=\"elementor-widget-wrap elementor-element-populated\">\n\t\t\t\t\t\t<div class=\"elementor-element elementor-element-3e379980 elementor-widget elementor-widget-heading\" data-id=\"3e379980\" data-element_type=\"widget\" data-widget_type=\"heading.default\">\n\t\t\t\t<div class=\"elementor-widget-container\">\n\t\t\t\t\t<h2 class=\"elementor-heading-title elementor-size-default\">Trender och<br> inspiration p\u00e5 scen<\/h2>\t\t\t\t<\/div>\n\t\t\t\t<\/div>\n\t\t\t\t<div class=\"elementor-element elementor-element-12d8e801 elementor-widget elementor-widget-text-editor\" data-id=\"12d8e801\" data-element_type=\"widget\" data-widget_type=\"text-editor.default\">\n\t\t\t\t<div class=\"elementor-widget-container\">\n\t\t\t\t\t\t\t\t\t<p>P\u00e5 Food Stage \u00e4r alla bes\u00f6kare v\u00e4lkomna att ta del av kostnadsfria f\u00f6rel\u00e4sningar och sp\u00e4nnande paneldebatter. Under tv\u00e5 dynamiska dagar inspirerar vi dig med nya id\u00e9er som g\u00f6r verklig skillnad \u2013 f\u00f6r ditt f\u00f6retag och dina kunder.<\/p>\n\t\t\t\t\t\t\t\t<\/div>\n\t\t\t\t<\/div>\n\t\t\t\t<div class=\"elementor-element elementor-element-40ac0a27 elementor-align-left elementor-tablet-align-left elementor-mobile-align-left elementor-widget elementor-widget-dynamic-button\" data-id=\"40ac0a27\" data-element_type=\"widget\" data-widget_type=\"dynamic-button.default\">\n\t\t\t\t<div class=\"elementor-widget-container\">\n\t\t\t\t\t        <div class=\"elementor-button-wrapper\">\n            <a href=\"https:\/\/www.nordicorganicexpo.com\/sv\/varfor-besoka\/\" class=\"elementor-button-link elementor-button elementor-size-sm elementor-animation-grow\" role=\"button\">\n                        <span class=\"elementor-button-content-wrapper\">\n\t\t\t\t\t\t<span class=\"elementor-button-text\">Utforska mer<\/span>\n\t\t<\/span>\n                    <\/a>\n        <\/div>\n        \t\t\t\t<\/div>\n\t\t\t\t<\/div>\n\t\t\t\t\t<\/div>\n\t\t<\/div>\n\t\t\t\t\t<\/div>\n\t\t<\/section>\n\t\t\t\t<section class=\"elementor-section elementor-top-section elementor-element elementor-element-f7894ca elementor-reverse-mobile elementor-section-boxed elementor-section-height-default elementor-section-height-default\" data-id=\"f7894ca\" data-element_type=\"section\" data-settings=\"{&quot;background_background&quot;:&quot;classic&quot;}\">\n\t\t\t\t\t\t<div class=\"elementor-container elementor-column-gap-default\">\n\t\t\t\t\t<div class=\"elementor-column elementor-col-50 elementor-top-column elementor-element elementor-element-32ac3941\" data-id=\"32ac3941\" data-element_type=\"column\">\n\t\t\t<div class=\"elementor-widget-wrap elementor-element-populated\">\n\t\t\t\t\t\t<div class=\"elementor-element elementor-element-c133f23 elementor-widget elementor-widget-heading\" data-id=\"c133f23\" data-element_type=\"widget\" data-widget_type=\"heading.default\">\n\t\t\t\t<div class=\"elementor-widget-container\">\n\t\t\t\t\t<h2 class=\"elementor-heading-title elementor-size-default\">S\u00e4ljpitch <br>direkt till k\u00f6paren<\/h2>\t\t\t\t<\/div>\n\t\t\t\t<\/div>\n\t\t\t\t<div class=\"elementor-element elementor-element-32eef98 elementor-widget elementor-widget-text-editor\" data-id=\"32eef98\" data-element_type=\"widget\" data-widget_type=\"text-editor.default\">\n\t\t\t\t<div class=\"elementor-widget-container\">\n\t\t\t\t\t\t\t\t\t<div class=\"flex flex-col text-sm\">\n<article class=\"text-token-text-primary w-full focus:outline-none [--shadow-height:45px] has-data-writing-block:pointer-events-none has-data-writing-block:-mt-(--shadow-height) has-data-writing-block:pt-(--shadow-height) [&amp;:has([data-writing-block])&gt;*]:pointer-events-auto scroll-mt-[calc(var(--header-height)+min(200px,max(70px,20svh)))]\" dir=\"auto\" tabindex=\"-1\" data-turn-id=\"request-WEB:01ce0874-be09-46f1-aed6-89988157c545-3\" data-testid=\"conversation-turn-8\" data-scroll-anchor=\"true\" data-turn=\"assistant\">\n<div class=\"text-base my-auto mx-auto pb-10 [--thread-content-margin:--spacing(4)] @w-sm\/main:[--thread-content-margin:--spacing(6)] @w-lg\/main:[--thread-content-margin:--spacing(16)] px-(--thread-content-margin)\">\n<div class=\"[--thread-content-max-width:40rem] @w-lg\/main:[--thread-content-max-width:48rem] mx-auto max-w-(--thread-content-max-width) flex-1 group\/turn-messages focus-visible:outline-hidden relative flex w-full min-w-0 flex-col agent-turn\" tabindex=\"-1\">\n<div class=\"flex max-w-full flex-col grow\">\n<div class=\"min-h-8 text-message relative flex w-full flex-col items-end gap-2 text-start break-words whitespace-normal [.text-message+&amp;]:mt-1\" dir=\"auto\" data-message-author-role=\"assistant\" data-message-id=\"9f4871bc-ee7c-4f98-9626-b3eef12aeb60\" data-message-model-slug=\"gpt-5-2\">\n<div class=\"flex w-full flex-col gap-1 empty:hidden first:pt-[1px]\">\n<div class=\"markdown prose dark:prose-invert w-full break-words light markdown-new-styling\">\n<p data-start=\"0\" data-end=\"356\" data-is-last-node=\"\" data-is-only-node=\"\">Den popul\u00e4ra Live Pitch har varit ett \u00e5rligt inslag p\u00e5 Nordic Organic Expo de senaste \u00e5ren. Detta dynamiska evenemang i Dragon\u2019s Den-stil sammanf\u00f6r morgondagens topprodukter med ledande ink\u00f6pare live p\u00e5 scen. Oavsett om du \u00e4r utst\u00e4llare redo att pitcha eller bes\u00f6kare som vill uppt\u00e4cka n\u00e4sta stora grej \u00e4r detta en av de mest sp\u00e4nnande aff\u00e4rsh\u00f6jdpunkterna.<\/p>\n<\/div>\n<p><\/div>\n<p><\/div>\n<p><\/div>\n<p><\/div>\n<p><\/div>\n<p><\/article>\n<\/div>\n\t\t\t\t\t\t\t\t<\/div>\n\t\t\t\t<\/div>\n\t\t\t\t\t<\/div>\n\t\t<\/div>\n\t\t\t\t<div class=\"elementor-column elementor-col-50 elementor-top-column elementor-element elementor-element-38da0fea\" data-id=\"38da0fea\" data-element_type=\"column\">\n\t\t\t<div class=\"elementor-widget-wrap elementor-element-populated\">\n\t\t\t\t\t\t<div class=\"elementor-element elementor-element-eeb5fc7 elementor-widget elementor-widget-image\" data-id=\"eeb5fc7\" data-element_type=\"widget\" data-widget_type=\"image.default\">\n\t\t\t\t<div class=\"elementor-widget-container\">\n\t\t\t\t\t\t\t\t\t\t\t\t\t\t\t<img loading=\"lazy\" decoding=\"async\" width=\"800\" height=\"534\" src=\"https:\/\/easyfairsassets.com\/sites\/357\/2025\/07\/SHP_9358-1-1024x684.jpg\" class=\"attachment-large size-large wp-image-3238\" alt=\"\" srcset=\"https:\/\/easyfairsassets.com\/sites\/357\/2025\/07\/SHP_9358-1-1024x684.jpg 1024w, https:\/\/easyfairsassets.com\/sites\/357\/2025\/07\/SHP_9358-1-300x200.jpg 300w, https:\/\/easyfairsassets.com\/sites\/357\/2025\/07\/SHP_9358-1-768x513.jpg 768w, https:\/\/easyfairsassets.com\/sites\/357\/2025\/07\/SHP_9358-1.jpg 1200w\" sizes=\"(max-width: 800px) 100vw, 800px\" \/>\t\t\t\t\t\t\t\t\t\t\t\t\t\t\t<\/div>\n\t\t\t\t<\/div>\n\t\t\t\t\t<\/div>\n\t\t<\/div>\n\t\t\t\t\t<\/div>\n\t\t<\/section>\n\t\t\t\t<\/div>\n\t\t","protected":false},"excerpt":{"rendered":"<p>Allt inom mat &amp; dryck I \u00f6ver tio \u00e5r har Nordic Organic Food Fair varit Nordens ledande m\u00f6tesplats f\u00f6r certifierad ekologisk mat och dryck. Tillsammans med The Good Food Fair samlar vi akt\u00f6rer fr\u00e5n hela v\u00e4rlden f\u00f6r att visa upp det b\u00e4sta branschen har att erbjuda \u2013 fr\u00e5n innovativa produkter till h\u00e5llbara l\u00f6sningar. Uppt\u00e4ck Utforska [&hellip;]<\/p>\n","protected":false},"author":1294,"featured_media":0,"parent":0,"menu_order":0,"comment_status":"closed","ping_status":"closed","template":"elementor_header_footer","meta":{"_seopress_robots_primary_cat":"","_seopress_titles_title":"Nordic Organic Food Fair & The Good Food Fair | Malm\u00f6m\u00e4ssan","_seopress_titles_desc":"V\u00e4lkommen att bes\u00f6ka Nordic Organic Food Fair - Nordens ledande m\u00e4ssa f\u00f6r h\u00e5llbar och ekologisk mat och dryck i \u00f6ver 10 \u00e5r.","_seopress_robots_index":"","footnotes":""},"class_list":["post-1428","page","type-page","status-publish","hentry"],"_links":{"self":[{"href":"https:\/\/www.nordicorganicexpo.com\/sv\/wp-json\/wp\/v2\/pages\/1428","targetHints":{"allow":["GET"]}}],"collection":[{"href":"https:\/\/www.nordicorganicexpo.com\/sv\/wp-json\/wp\/v2\/pages"}],"about":[{"href":"https:\/\/www.nordicorganicexpo.com\/sv\/wp-json\/wp\/v2\/types\/page"}],"author":[{"embeddable":true,"href":"https:\/\/www.nordicorganicexpo.com\/sv\/wp-json\/wp\/v2\/users\/1294"}],"replies":[{"embeddable":true,"href":"https:\/\/www.nordicorganicexpo.com\/sv\/wp-json\/wp\/v2\/comments?post=1428"}],"version-history":[{"count":5,"href":"https:\/\/www.nordicorganicexpo.com\/sv\/wp-json\/wp\/v2\/pages\/1428\/revisions"}],"predecessor-version":[{"id":23033,"href":"https:\/\/www.nordicorganicexpo.com\/sv\/wp-json\/wp\/v2\/pages\/1428\/revisions\/23033"}],"wp:attachment":[{"href":"https:\/\/www.nordicorganicexpo.com\/sv\/wp-json\/wp\/v2\/media?parent=1428"}],"curies":[{"name":"wp","href":"https:\/\/api.w.org\/{rel}","templated":true}]}}