{"id":1436,"date":"2025-06-13T13:17:05","date_gmt":"2025-06-13T11:17:05","guid":{"rendered":"https:\/\/www.nordicorganicexpo.com\/natural-beauty-and-health-show\/"},"modified":"2026-04-02T12:27:30","modified_gmt":"2026-04-02T10:27:30","slug":"natural-beauty-and-health-show","status":"publish","type":"page","link":"https:\/\/www.nordicorganicexpo.com\/sv\/natural-beauty-and-health-show\/","title":{"rendered":"Natural beauty and health show"},"content":{"rendered":"\t\t<div data-elementor-type=\"wp-page\" data-elementor-id=\"1436\" class=\"elementor elementor-1436 elementor-522\" data-elementor-post-type=\"page\">\n\t\t\t\t\t\t<section class=\"elementor-section elementor-top-section elementor-element elementor-element-59a748fc elementor-reverse-mobile elementor-section-boxed elementor-section-height-default elementor-section-height-default\" data-id=\"59a748fc\" data-element_type=\"section\">\n\t\t\t\t\t\t<div class=\"elementor-container elementor-column-gap-default\">\n\t\t\t\t\t<div class=\"elementor-column elementor-col-50 elementor-top-column elementor-element elementor-element-16b2eced\" data-id=\"16b2eced\" data-element_type=\"column\">\n\t\t\t<div class=\"elementor-widget-wrap elementor-element-populated\">\n\t\t\t\t\t\t<div class=\"elementor-element elementor-element-6587cb08 elementor-widget elementor-widget-image\" data-id=\"6587cb08\" data-element_type=\"widget\" data-widget_type=\"image.default\">\n\t\t\t\t<div class=\"elementor-widget-container\">\n\t\t\t\t\t\t\t\t\t\t\t\t\t\t\t<img fetchpriority=\"high\" decoding=\"async\" width=\"609\" height=\"348\" src=\"https:\/\/easyfairsassets.com\/sites\/357\/2025\/06\/NBS_NHS_BLANK-1.png\" class=\"attachment-large size-large wp-image-1183\" alt=\"&quot;&quot;\" srcset=\"https:\/\/easyfairsassets.com\/sites\/357\/2025\/06\/NBS_NHS_BLANK-1.png 609w, https:\/\/easyfairsassets.com\/sites\/357\/2025\/06\/NBS_NHS_BLANK-1-300x171.png 300w\" sizes=\"(max-width: 609px) 100vw, 609px\" \/>\t\t\t\t\t\t\t\t\t\t\t\t\t\t\t<\/div>\n\t\t\t\t<\/div>\n\t\t\t\t<div class=\"elementor-element elementor-element-d869ba7 elementor-widget elementor-widget-heading\" data-id=\"d869ba7\" data-element_type=\"widget\" data-widget_type=\"heading.default\">\n\t\t\t\t<div class=\"elementor-widget-container\">\n\t\t\t\t\t<h1 class=\"elementor-heading-title elementor-size-default\">Allt inom<br> sk\u00f6nhet &amp; smink<\/h1>\t\t\t\t<\/div>\n\t\t\t\t<\/div>\n\t\t\t\t<div class=\"elementor-element elementor-element-613f5a58 elementor-widget elementor-widget-text-editor\" data-id=\"613f5a58\" data-element_type=\"widget\" data-widget_type=\"text-editor.default\">\n\t\t\t\t<div class=\"elementor-widget-container\">\n\t\t\t\t\t\t\t\t\t<p>V\u00e4lkommen till nordens st\u00f6rsta m\u00e4ssa f\u00f6r ekologiska och naturliga<br \/>produkter inom h\u00e4lsa och sk\u00f6nhet. Uppt\u00e4ck framtidens h\u00e5llbara l\u00f6sningar,<br \/>knyt v\u00e4rdefulla kontakter och inspireras av det senaste inom ekologiskt.<\/p>\n\t\t\t\t\t\t\t\t<\/div>\n\t\t\t\t<\/div>\n\t\t\t\t<div class=\"elementor-element elementor-element-29cebfa elementor-align-left elementor-tablet-align-left elementor-mobile-align-left elementor-widget elementor-widget-dynamic-button\" data-id=\"29cebfa\" data-element_type=\"widget\" data-widget_type=\"dynamic-button.default\">\n\t\t\t\t<div class=\"elementor-widget-container\">\n\t\t\t\t\t        <div class=\"elementor-button-wrapper\">\n            <a href=\"https:\/\/www.nordicorganicexpo.com\/sv\/varfor-besoka\/\" class=\"elementor-button-link elementor-button elementor-size-sm elementor-animation-grow\" role=\"button\">\n                        <span class=\"elementor-button-content-wrapper\">\n\t\t\t\t\t\t<span class=\"elementor-button-text\">Uppt\u00e4ck<\/span>\n\t\t<\/span>\n                    <\/a>\n        <\/div>\n        \t\t\t\t<\/div>\n\t\t\t\t<\/div>\n\t\t\t\t\t<\/div>\n\t\t<\/div>\n\t\t\t\t<div class=\"elementor-column elementor-col-50 elementor-top-column elementor-element elementor-element-7c7aec5b\" data-id=\"7c7aec5b\" data-element_type=\"column\">\n\t\t\t<div class=\"elementor-widget-wrap elementor-element-populated\">\n\t\t\t\t\t\t<div class=\"elementor-element elementor-element-3f1d2479 elementor-widget elementor-widget-image\" data-id=\"3f1d2479\" data-element_type=\"widget\" data-widget_type=\"image.default\">\n\t\t\t\t<div class=\"elementor-widget-container\">\n\t\t\t\t\t\t\t\t\t\t\t\t\t\t\t<img decoding=\"async\" width=\"800\" height=\"705\" src=\"https:\/\/easyfairsassets.com\/sites\/357\/2025\/06\/Untitled-design-4-1-3-1024x903.png\" class=\"attachment-large size-large wp-image-1185\" alt=\"&quot;&quot;\" srcset=\"https:\/\/easyfairsassets.com\/sites\/357\/2025\/06\/Untitled-design-4-1-3-1024x903.png 1024w, https:\/\/easyfairsassets.com\/sites\/357\/2025\/06\/Untitled-design-4-1-3-300x265.png 300w, https:\/\/easyfairsassets.com\/sites\/357\/2025\/06\/Untitled-design-4-1-3-768x677.png 768w, https:\/\/easyfairsassets.com\/sites\/357\/2025\/06\/Untitled-design-4-1-3.png 1200w\" sizes=\"(max-width: 800px) 100vw, 800px\" \/>\t\t\t\t\t\t\t\t\t\t\t\t\t\t\t<\/div>\n\t\t\t\t<\/div>\n\t\t\t\t\t<\/div>\n\t\t<\/div>\n\t\t\t\t\t<\/div>\n\t\t<\/section>\n\t\t\t\t<section class=\"elementor-section elementor-top-section elementor-element elementor-element-57879aba elementor-reverse-mobile elementor-section-boxed elementor-section-height-default elementor-section-height-default\" data-id=\"57879aba\" data-element_type=\"section\" data-settings=\"{&quot;background_background&quot;:&quot;classic&quot;}\">\n\t\t\t\t\t\t<div class=\"elementor-container elementor-column-gap-default\">\n\t\t\t\t\t<div class=\"elementor-column elementor-col-33 elementor-top-column elementor-element elementor-element-1142ef51\" data-id=\"1142ef51\" data-element_type=\"column\" data-settings=\"{&quot;background_background&quot;:&quot;classic&quot;}\">\n\t\t\t<div class=\"elementor-widget-wrap elementor-element-populated\">\n\t\t\t\t\t\t<div class=\"elementor-element elementor-element-143b469e elementor-widget elementor-widget-heading\" data-id=\"143b469e\" data-element_type=\"widget\" data-widget_type=\"heading.default\">\n\t\t\t\t<div class=\"elementor-widget-container\">\n\t\t\t\t\t<h3 class=\"elementor-heading-title elementor-size-default\">Utforska<\/h3>\t\t\t\t<\/div>\n\t\t\t\t<\/div>\n\t\t\t\t<div class=\"elementor-element elementor-element-43e10ae8 elementor-widget elementor-widget-heading\" data-id=\"43e10ae8\" data-element_type=\"widget\" data-widget_type=\"heading.default\">\n\t\t\t\t<div class=\"elementor-widget-container\">\n\t\t\t\t\t<h2 class=\"elementor-heading-title elementor-size-default\">Nyheter<\/h2>\t\t\t\t<\/div>\n\t\t\t\t<\/div>\n\t\t\t\t<div class=\"elementor-element elementor-element-7d1b95e2 elementor-widget elementor-widget-text-editor\" data-id=\"7d1b95e2\" data-element_type=\"widget\" data-widget_type=\"text-editor.default\">\n\t\t\t\t<div class=\"elementor-widget-container\">\n\t\t\t\t\t\t\t\t\tUppt\u00e4ck det senaste p\u00e5 den h\u00e5llbara marknaden p\u00e5 Nordic Organic Expo. Hos oss ligger du alltid steget f\u00f6re. Se och upplev nyheter inom sk\u00f6nhet och h\u00e4lsa \u2013 noga utvalda f\u00f6r att m\u00f6ta behoven i just din verksamhet.\t\t\t\t\t\t\t\t<\/div>\n\t\t\t\t<\/div>\n\t\t\t\t\t<\/div>\n\t\t<\/div>\n\t\t\t\t<div class=\"elementor-column elementor-col-33 elementor-top-column elementor-element elementor-element-285a6cb6\" data-id=\"285a6cb6\" data-element_type=\"column\" data-settings=\"{&quot;background_background&quot;:&quot;classic&quot;}\">\n\t\t\t<div class=\"elementor-widget-wrap elementor-element-populated\">\n\t\t\t\t\t\t<div class=\"elementor-element elementor-element-341aa9da elementor-widget elementor-widget-heading\" data-id=\"341aa9da\" data-element_type=\"widget\" data-widget_type=\"heading.default\">\n\t\t\t\t<div class=\"elementor-widget-container\">\n\t\t\t\t\t<h3 class=\"elementor-heading-title elementor-size-default\">Utforska<\/h3>\t\t\t\t<\/div>\n\t\t\t\t<\/div>\n\t\t\t\t<div class=\"elementor-element elementor-element-59c8370b elementor-widget elementor-widget-heading\" data-id=\"59c8370b\" data-element_type=\"widget\" data-widget_type=\"heading.default\">\n\t\t\t\t<div class=\"elementor-widget-container\">\n\t\t\t\t\t<h2 class=\"elementor-heading-title elementor-size-default\">Produkter<\/h2>\t\t\t\t<\/div>\n\t\t\t\t<\/div>\n\t\t\t\t<div class=\"elementor-element elementor-element-25b790eb elementor-widget elementor-widget-text-editor\" data-id=\"25b790eb\" data-element_type=\"widget\" data-widget_type=\"text-editor.default\">\n\t\t\t\t<div class=\"elementor-widget-container\">\n\t\t\t\t\t\t\t\t\t<p>Utforska ett brett utbud av ekologiska och h\u00e5llbara produkter \u2013 fr\u00e5n serum och smink till kosttillskott. Allt med fokus p\u00e5 kvalitet, h\u00e5llbarhet och kvalit\u00e9.<\/p>\n\t\t\t\t\t\t\t\t<\/div>\n\t\t\t\t<\/div>\n\t\t\t\t\t<\/div>\n\t\t<\/div>\n\t\t\t\t<div class=\"elementor-column elementor-col-33 elementor-top-column elementor-element elementor-element-4a5bc0c3\" data-id=\"4a5bc0c3\" data-element_type=\"column\" data-settings=\"{&quot;background_background&quot;:&quot;classic&quot;}\">\n\t\t\t<div class=\"elementor-widget-wrap elementor-element-populated\">\n\t\t\t\t\t\t<div class=\"elementor-element elementor-element-14ee9df8 elementor-widget elementor-widget-heading\" data-id=\"14ee9df8\" data-element_type=\"widget\" data-widget_type=\"heading.default\">\n\t\t\t\t<div class=\"elementor-widget-container\">\n\t\t\t\t\t<h3 class=\"elementor-heading-title elementor-size-default\">M\u00f6t<\/h3>\t\t\t\t<\/div>\n\t\t\t\t<\/div>\n\t\t\t\t<div class=\"elementor-element elementor-element-72d692cc elementor-widget elementor-widget-heading\" data-id=\"72d692cc\" data-element_type=\"widget\" data-widget_type=\"heading.default\">\n\t\t\t\t<div class=\"elementor-widget-container\">\n\t\t\t\t\t<h2 class=\"elementor-heading-title elementor-size-default\">Utst\u00e4llare<\/h2>\t\t\t\t<\/div>\n\t\t\t\t<\/div>\n\t\t\t\t<div class=\"elementor-element elementor-element-358e6ae7 elementor-widget elementor-widget-text-editor\" data-id=\"358e6ae7\" data-element_type=\"widget\" data-widget_type=\"text-editor.default\">\n\t\t\t\t<div class=\"elementor-widget-container\">\n\t\t\t\t\t\t\t\t\t<p>Uppt\u00e4ck b\u00e5de internationella och Nordiska leverant\u00f6rer p\u00e5 m\u00e4ssgolvet. Under tv\u00e5 dagar kan du mingla, uppt\u00e4cka nya produktnyheter och ta din verksamhet till n\u00e4sta h\u00e5llbara niv\u00e5.<\/p>\n\t\t\t\t\t\t\t\t<\/div>\n\t\t\t\t<\/div>\n\t\t\t\t\t<\/div>\n\t\t<\/div>\n\t\t\t\t\t<\/div>\n\t\t<\/section>\n\t\t\t\t<section class=\"elementor-section elementor-top-section elementor-element elementor-element-7ee745cb elementor-section-boxed elementor-section-height-default elementor-section-height-default\" data-id=\"7ee745cb\" data-element_type=\"section\">\n\t\t\t\t\t\t<div class=\"elementor-container elementor-column-gap-default\">\n\t\t\t\t\t<div class=\"elementor-column elementor-col-50 elementor-top-column elementor-element elementor-element-3f2f3681\" data-id=\"3f2f3681\" data-element_type=\"column\">\n\t\t\t<div class=\"elementor-widget-wrap elementor-element-populated\">\n\t\t\t\t\t\t<div class=\"elementor-element elementor-element-79adb003 elementor-widget elementor-widget-image\" data-id=\"79adb003\" data-element_type=\"widget\" data-widget_type=\"image.default\">\n\t\t\t\t<div class=\"elementor-widget-container\">\n\t\t\t\t\t\t\t\t\t\t\t\t\t\t\t<img decoding=\"async\" width=\"800\" height=\"626\" src=\"https:\/\/easyfairsassets.com\/sites\/357\/2025\/06\/Untitled-design-4-1-1-1-1024x801.png\" class=\"attachment-large size-large wp-image-1179\" alt=\"\" srcset=\"https:\/\/easyfairsassets.com\/sites\/357\/2025\/06\/Untitled-design-4-1-1-1-1024x801.png 1024w, https:\/\/easyfairsassets.com\/sites\/357\/2025\/06\/Untitled-design-4-1-1-1-300x235.png 300w, https:\/\/easyfairsassets.com\/sites\/357\/2025\/06\/Untitled-design-4-1-1-1-768x601.png 768w, https:\/\/easyfairsassets.com\/sites\/357\/2025\/06\/Untitled-design-4-1-1-1.png 1200w\" sizes=\"(max-width: 800px) 100vw, 800px\" \/>\t\t\t\t\t\t\t\t\t\t\t\t\t\t\t<\/div>\n\t\t\t\t<\/div>\n\t\t\t\t\t<\/div>\n\t\t<\/div>\n\t\t\t\t<div class=\"elementor-column elementor-col-50 elementor-top-column elementor-element elementor-element-212c3fc0\" data-id=\"212c3fc0\" data-element_type=\"column\">\n\t\t\t<div class=\"elementor-widget-wrap elementor-element-populated\">\n\t\t\t\t\t\t<div class=\"elementor-element elementor-element-374e619b elementor-widget elementor-widget-heading\" data-id=\"374e619b\" data-element_type=\"widget\" data-widget_type=\"heading.default\">\n\t\t\t\t<div class=\"elementor-widget-container\">\n\t\t\t\t\t<h2 class=\"elementor-heading-title elementor-size-default\">Trender och <br> inspiration p\u00e5 scen<\/h2>\t\t\t\t<\/div>\n\t\t\t\t<\/div>\n\t\t\t\t<div class=\"elementor-element elementor-element-6dc7d9c6 elementor-widget elementor-widget-text-editor\" data-id=\"6dc7d9c6\" data-element_type=\"widget\" data-widget_type=\"text-editor.default\">\n\t\t\t\t<div class=\"elementor-widget-container\">\n\t\t\t\t\t\t\t\t\t<p>P\u00e5 Beauty Stage erbjuder vi alla bes\u00f6kare kostnadsfria f\u00f6rel\u00e4sningar och sp\u00e4nnande paneldebatter. Under tv\u00e5 dagar vill vi inspirera dig att g\u00f6ra skillnad f\u00f6r din verksamhet och dina kunder.<\/p>\n\t\t\t\t\t\t\t\t<\/div>\n\t\t\t\t<\/div>\n\t\t\t\t<div class=\"elementor-element elementor-element-701f468 elementor-align-left elementor-tablet-align-left elementor-mobile-align-left elementor-widget elementor-widget-dynamic-button\" data-id=\"701f468\" data-element_type=\"widget\" data-widget_type=\"dynamic-button.default\">\n\t\t\t\t<div class=\"elementor-widget-container\">\n\t\t\t\t\t        <div class=\"elementor-button-wrapper\">\n            <a href=\"https:\/\/www.nordicorganicexpo.com\/sv\/varfor-besoka\/\" class=\"elementor-button-link elementor-button elementor-size-sm elementor-animation-grow\" role=\"button\">\n                        <span class=\"elementor-button-content-wrapper\">\n\t\t\t\t\t\t<span class=\"elementor-button-text\">Uppt\u00e4ck mer<\/span>\n\t\t<\/span>\n                    <\/a>\n        <\/div>\n        \t\t\t\t<\/div>\n\t\t\t\t<\/div>\n\t\t\t\t\t<\/div>\n\t\t<\/div>\n\t\t\t\t\t<\/div>\n\t\t<\/section>\n\t\t\t\t<section class=\"elementor-section elementor-top-section elementor-element elementor-element-3ab734d elementor-reverse-mobile elementor-section-boxed elementor-section-height-default elementor-section-height-default\" data-id=\"3ab734d\" data-element_type=\"section\" data-settings=\"{&quot;background_background&quot;:&quot;classic&quot;}\">\n\t\t\t\t\t\t<div class=\"elementor-container elementor-column-gap-default\">\n\t\t\t\t\t<div class=\"elementor-column elementor-col-50 elementor-top-column elementor-element elementor-element-48f9b9b\" data-id=\"48f9b9b\" data-element_type=\"column\">\n\t\t\t<div class=\"elementor-widget-wrap elementor-element-populated\">\n\t\t\t\t\t\t<div class=\"elementor-element elementor-element-d321137 elementor-widget elementor-widget-heading\" data-id=\"d321137\" data-element_type=\"widget\" data-widget_type=\"heading.default\">\n\t\t\t\t<div class=\"elementor-widget-container\">\n\t\t\t\t\t<h2 class=\"elementor-heading-title elementor-size-default\">Presentera <br>din produkt live<\/h2>\t\t\t\t<\/div>\n\t\t\t\t<\/div>\n\t\t\t\t<div class=\"elementor-element elementor-element-29737b6 elementor-widget elementor-widget-text-editor\" data-id=\"29737b6\" data-element_type=\"widget\" data-widget_type=\"text-editor.default\">\n\t\t\t\t<div class=\"elementor-widget-container\">\n\t\t\t\t\t\t\t\t\t<p>Den popul\u00e4ra Live Pitch har varit ett \u00e5rligt inslag p\u00e5 Nordic Organic Expo de senaste \u00e5ren. Detta dynamiska evenemang i Dragon\u2019s Den-stil sammanf\u00f6r morgondagens topprodukter med ledande ink\u00f6pare live p\u00e5 scen. Oavsett om du \u00e4r utst\u00e4llare redo att pitcha eller bes\u00f6kare som vill uppt\u00e4cka n\u00e4sta stora grej \u00e4r detta en av de mest sp\u00e4nnande aff\u00e4rsh\u00f6jdpunkterna.<\/p>\n\t\t\t\t\t\t\t\t<\/div>\n\t\t\t\t<\/div>\n\t\t\t\t\t<\/div>\n\t\t<\/div>\n\t\t\t\t<div class=\"elementor-column elementor-col-50 elementor-top-column elementor-element elementor-element-b1d016b\" data-id=\"b1d016b\" data-element_type=\"column\">\n\t\t\t<div class=\"elementor-widget-wrap elementor-element-populated\">\n\t\t\t\t\t\t<div class=\"elementor-element elementor-element-21e2775 elementor-widget elementor-widget-image\" data-id=\"21e2775\" data-element_type=\"widget\" data-widget_type=\"image.default\">\n\t\t\t\t<div class=\"elementor-widget-container\">\n\t\t\t\t\t\t\t\t\t\t\t\t\t\t\t<img loading=\"lazy\" decoding=\"async\" width=\"800\" height=\"534\" src=\"https:\/\/easyfairsassets.com\/sites\/357\/2025\/07\/SHP_9358-1-1024x684.jpg\" class=\"attachment-large size-large wp-image-3238\" alt=\"\" srcset=\"https:\/\/easyfairsassets.com\/sites\/357\/2025\/07\/SHP_9358-1-1024x684.jpg 1024w, https:\/\/easyfairsassets.com\/sites\/357\/2025\/07\/SHP_9358-1-300x200.jpg 300w, https:\/\/easyfairsassets.com\/sites\/357\/2025\/07\/SHP_9358-1-768x513.jpg 768w, https:\/\/easyfairsassets.com\/sites\/357\/2025\/07\/SHP_9358-1.jpg 1200w\" sizes=\"(max-width: 800px) 100vw, 800px\" \/>\t\t\t\t\t\t\t\t\t\t\t\t\t\t\t<\/div>\n\t\t\t\t<\/div>\n\t\t\t\t\t<\/div>\n\t\t<\/div>\n\t\t\t\t\t<\/div>\n\t\t<\/section>\n\t\t\t\t<section class=\"elementor-section elementor-top-section elementor-element elementor-element-2de4c79 elementor-section-boxed elementor-section-height-default elementor-section-height-default\" data-id=\"2de4c79\" data-element_type=\"section\">\n\t\t\t\t\t\t<div class=\"elementor-container elementor-column-gap-default\">\n\t\t\t\t\t<div class=\"elementor-column elementor-col-50 elementor-top-column elementor-element elementor-element-2bb3c9b\" data-id=\"2bb3c9b\" data-element_type=\"column\">\n\t\t\t<div class=\"elementor-widget-wrap elementor-element-populated\">\n\t\t\t\t\t\t<div class=\"elementor-element elementor-element-0419290 elementor-widget elementor-widget-video\" data-id=\"0419290\" data-element_type=\"widget\" data-settings=\"{&quot;youtube_url&quot;:&quot;https:\\\/\\\/youtu.be\\\/ITOAhPZIfkw&quot;,&quot;video_type&quot;:&quot;youtube&quot;,&quot;controls&quot;:&quot;yes&quot;}\" data-widget_type=\"video.default\">\n\t\t\t\t<div class=\"elementor-widget-container\">\n\t\t\t\t\t\t\t<div class=\"elementor-wrapper elementor-open-inline\">\n\t\t\t<div class=\"elementor-video\"><\/div>\t\t<\/div>\n\t\t\t\t\t\t<\/div>\n\t\t\t\t<\/div>\n\t\t\t\t\t<\/div>\n\t\t<\/div>\n\t\t\t\t<div class=\"elementor-column elementor-col-50 elementor-top-column elementor-element elementor-element-0a31736\" data-id=\"0a31736\" data-element_type=\"column\">\n\t\t\t<div class=\"elementor-widget-wrap elementor-element-populated\">\n\t\t\t\t\t\t<div class=\"elementor-element elementor-element-9d70380 elementor-widget elementor-widget-heading\" data-id=\"9d70380\" data-element_type=\"widget\" data-widget_type=\"heading.default\">\n\t\t\t\t<div class=\"elementor-widget-container\">\n\t\t\t\t\t<h2 class=\"elementor-heading-title elementor-size-default\">Discover <br>your colour palette<\/h2>\t\t\t\t<\/div>\n\t\t\t\t<\/div>\n\t\t\t\t<div class=\"elementor-element elementor-element-8665dc2 elementor-widget elementor-widget-text-editor\" data-id=\"8665dc2\" data-element_type=\"widget\" data-widget_type=\"text-editor.default\">\n\t\t\t\t<div class=\"elementor-widget-container\">\n\t\t\t\t\t\t\t\t\t<p>Kan f\u00e4rganalys vara den garderobsf\u00f6r\u00e4ndring du har saknat? Jenny \u00c5berg, certifierad stylist, f\u00f6rklarar hur r\u00e4tt f\u00e4rgpalett kan f\u00f6r\u00e4ndra b\u00e5de ditt sj\u00e4lvf\u00f6rtroende och din stil genom att hitta de f\u00e4rger som naturligt passar dig. Hon visar hur du kan sluta jaga trender och ist\u00e4llet kl\u00e4 dig i harmoni med ditt sanna jag.<\/p>\n\t\t\t\t\t\t\t\t<\/div>\n\t\t\t\t<\/div>\n\t\t\t\t<div class=\"elementor-element elementor-element-27b67a7 elementor-align-left elementor-tablet-align-left elementor-mobile-align-left elementor-widget elementor-widget-dynamic-button\" data-id=\"27b67a7\" data-element_type=\"widget\" data-widget_type=\"dynamic-button.default\">\n\t\t\t\t<div class=\"elementor-widget-container\">\n\t\t\t\t\t        <div class=\"elementor-button-wrapper\">\n            <a href=\"https:\/\/www.nordicorganicexpo.com\/sv\/session\/color-analysis-of-tomorrow\/\" class=\"elementor-button-link elementor-button elementor-size-sm elementor-animation-grow\" role=\"button\">\n                        <span class=\"elementor-button-content-wrapper\">\n\t\t\t\t\t\t<span class=\"elementor-button-text\">Uppt\u00e4ck mer<\/span>\n\t\t<\/span>\n                    <\/a>\n        <\/div>\n        \t\t\t\t<\/div>\n\t\t\t\t<\/div>\n\t\t\t\t\t<\/div>\n\t\t<\/div>\n\t\t\t\t\t<\/div>\n\t\t<\/section>\n\t\t\t\t<\/div>\n\t\t","protected":false},"excerpt":{"rendered":"<p>Allt inom sk\u00f6nhet &amp; smink V\u00e4lkommen till nordens st\u00f6rsta m\u00e4ssa f\u00f6r ekologiska och naturligaprodukter inom h\u00e4lsa och sk\u00f6nhet. Uppt\u00e4ck framtidens h\u00e5llbara l\u00f6sningar,knyt v\u00e4rdefulla kontakter och inspireras av det senaste inom ekologiskt. Uppt\u00e4ck Utforska Nyheter Uppt\u00e4ck det senaste p\u00e5 den h\u00e5llbara marknaden p\u00e5 Nordic Organic Expo. Hos oss ligger du alltid steget f\u00f6re. Se och upplev [&hellip;]<\/p>\n","protected":false},"author":1294,"featured_media":0,"parent":0,"menu_order":0,"comment_status":"closed","ping_status":"closed","template":"elementor_header_footer","meta":{"_seopress_robots_primary_cat":"","_seopress_titles_title":"Natural Beauty and Health Show | Nordic Organic Expo","_seopress_titles_desc":"V\u00e4lkommen till nordens st\u00f6rsta m\u00e4ssa f\u00f6r ekologiska och naturliga produkter inom h\u00e4lsa och sk\u00f6nhet. Uppt\u00e4ck framtidens h\u00e5llbara l\u00f6sningar, knyt v\u00e4rdefulla kontakter och inspireras av det senaste inom ekologiskt.","_seopress_robots_index":"","footnotes":""},"class_list":["post-1436","page","type-page","status-publish","hentry"],"_links":{"self":[{"href":"https:\/\/www.nordicorganicexpo.com\/sv\/wp-json\/wp\/v2\/pages\/1436","targetHints":{"allow":["GET"]}}],"collection":[{"href":"https:\/\/www.nordicorganicexpo.com\/sv\/wp-json\/wp\/v2\/pages"}],"about":[{"href":"https:\/\/www.nordicorganicexpo.com\/sv\/wp-json\/wp\/v2\/types\/page"}],"author":[{"embeddable":true,"href":"https:\/\/www.nordicorganicexpo.com\/sv\/wp-json\/wp\/v2\/users\/1294"}],"replies":[{"embeddable":true,"href":"https:\/\/www.nordicorganicexpo.com\/sv\/wp-json\/wp\/v2\/comments?post=1436"}],"version-history":[{"count":5,"href":"https:\/\/www.nordicorganicexpo.com\/sv\/wp-json\/wp\/v2\/pages\/1436\/revisions"}],"predecessor-version":[{"id":22668,"href":"https:\/\/www.nordicorganicexpo.com\/sv\/wp-json\/wp\/v2\/pages\/1436\/revisions\/22668"}],"wp:attachment":[{"href":"https:\/\/www.nordicorganicexpo.com\/sv\/wp-json\/wp\/v2\/media?parent=1436"}],"curies":[{"name":"wp","href":"https:\/\/api.w.org\/{rel}","templated":true}]}}